{"id":111,"date":"2021-10-04T18:44:06","date_gmt":"2021-10-04T16:44:06","guid":{"rendered":"http:\/\/www.sebastienvanlaeken.be\/?page_id=111"},"modified":"2022-06-22T21:04:55","modified_gmt":"2022-06-22T19:04:55","slug":"bienvenue","status":"publish","type":"page","link":"https:\/\/www.sebastienvanlaeken.be\/","title":{"rendered":"Bienvenue"},"content":{"rendered":"\n<p>Tout d&rsquo;abord, je tiens \u00e0 vous remercier pour le temps que vous m&rsquo;avez accord\u00e9 dans la rue. Et vous remercie pour accepter la libert\u00e9 d&rsquo;expression artistique de tout \u00e0 chacun.<\/p>\n\n\n\n<p>Je respecte votre droit \u00e0 l&rsquo;image, donc si vous juger qu&rsquo;une photo est d\u00e9gradante ou porte atteinte \u00e0 votre personne, merci de m&rsquo;envoyer un message afin que je puisse retirer la photo <a href=\"mailto:info@sebastienvanlaeken.be\">info@sebastienvanlaeken.be<\/a><\/p>\n\n\n\n<hr class=\"wp-block-separator\"\/>\n\n\n\n<section class=\"wp-block-group is-layout-flow wp-block-group-is-layout-flow\"><div class=\"wp-block-group__inner-container\"><\/div><\/section>\n\n\n\n<p><\/p>\n","protected":false},"excerpt":{"rendered":"<p>Tout d&rsquo;abord, je tiens \u00e0 vous remercier pour le temps que vous m&rsquo;avez accord\u00e9 dans la rue. Et vous remercie pour accepter la libert\u00e9 d&rsquo;expression artistique de tout \u00e0 chacun. Je respecte votre droit \u00e0 l&rsquo;image, donc si vous juger qu&rsquo;une photo est d\u00e9gradante ou porte atteinte \u00e0 votre personne, merci de m&rsquo;envoyer un message [&hellip;]<\/p>\n","protected":false},"author":1,"featured_media":0,"parent":0,"menu_order":0,"comment_status":"closed","ping_status":"closed","template":"","meta":{"footnotes":""},"_links":{"self":[{"href":"https:\/\/www.sebastienvanlaeken.be\/index.php\/wp-json\/wp\/v2\/pages\/111"}],"collection":[{"href":"https:\/\/www.sebastienvanlaeken.be\/index.php\/wp-json\/wp\/v2\/pages"}],"about":[{"href":"https:\/\/www.sebastienvanlaeken.be\/index.php\/wp-json\/wp\/v2\/types\/page"}],"author":[{"embeddable":true,"href":"https:\/\/www.sebastienvanlaeken.be\/index.php\/wp-json\/wp\/v2\/users\/1"}],"replies":[{"embeddable":true,"href":"https:\/\/www.sebastienvanlaeken.be\/index.php\/wp-json\/wp\/v2\/comments?post=111"}],"version-history":[{"count":7,"href":"https:\/\/www.sebastienvanlaeken.be\/index.php\/wp-json\/wp\/v2\/pages\/111\/revisions"}],"predecessor-version":[{"id":167,"href":"https:\/\/www.sebastienvanlaeken.be\/index.php\/wp-json\/wp\/v2\/pages\/111\/revisions\/167"}],"wp:attachment":[{"href":"https:\/\/www.sebastienvanlaeken.be\/index.php\/wp-json\/wp\/v2\/media?parent=111"}],"curies":[{"name":"wp","href":"https:\/\/api.w.org\/{rel}","templated":true}]}}